{"id":7447,"date":"2019-04-24T14:06:40","date_gmt":"2019-04-24T14:06:40","guid":{"rendered":"https:\/\/www.ekko-wp.com\/demo-content\/?page_id=7447"},"modified":"2025-12-23T18:09:13","modified_gmt":"2025-12-23T17:09:13","slug":"startseite","status":"publish","type":"page","link":"https:\/\/www.pflegeteam-noor.de\/","title":{"rendered":"Startseite"},"content":{"rendered":"<div class=\"wpb-content-wrapper\"><p>[vc_row full_width=&#8221;stretch_row&#8221; el_class=&#8221;hide-bg-on-mobile-portrait&#8221; css=&#8221;.vc_custom_1549637013975{margin-top: 96px !important;}&#8221;][vc_column css=&#8221;.vc_custom_1515153588210{padding-left: 0px !important;}&#8221;][rev_slider_vc alias=&#8221;elder-care-slider&#8221;][vc_row_inner][vc_column_inner offset=&#8221;vc_hidden-lg vc_hidden-md&#8221;][vc_empty_space height=&#8221;50&#8243;][\/vc_column_inner][\/vc_row_inner][\/vc_column][\/vc_row][vc_row css=&#8221;.vc_custom_1543415295465{margin-top: -150px !important;padding-left: 15px !important;}&#8221;][vc_column css=&#8221;.vc_custom_1516120515506{padding-top: 0px !important;padding-right: 0px !important;padding-left: 0px !important;}&#8221;]\n            <div class=\"sliding_box_parent row kd-slidingbox-69dcad4c43af6 \"><div class=\"sliding_box_child active-elem kd-animated fadeInUp\" data-animation-delay=200>\n                <div class=\"sb-image\"><img loading=\"lazy\" decoding=\"async\" width=\"800\" height=\"800\" src=\"https:\/\/pflegeteam-noor.de\/wp-content\/uploads\/2025\/11\/beratungspunkt_home_pflege_noor_v01.jpg\" class=\"attachment-full\" alt=\"\" title=\"beratungspunkt_home_pflege_noor_v01\" srcset=\"https:\/\/pflegeteam-noor.de\/wp-content\/uploads\/2025\/11\/beratungspunkt_home_pflege_noor_v01.jpg 800w, https:\/\/pflegeteam-noor.de\/wp-content\/uploads\/2025\/11\/beratungspunkt_home_pflege_noor_v01-300x300.jpg 300w, https:\/\/pflegeteam-noor.de\/wp-content\/uploads\/2025\/11\/beratungspunkt_home_pflege_noor_v01-150x150.jpg 150w, https:\/\/pflegeteam-noor.de\/wp-content\/uploads\/2025\/11\/beratungspunkt_home_pflege_noor_v01-768x768.jpg 768w, https:\/\/pflegeteam-noor.de\/wp-content\/uploads\/2025\/11\/beratungspunkt_home_pflege_noor_v01-320x320.jpg 320w\" sizes=\"auto, (max-width: 800px) 100vw, 800px\" \/><\/div>\n                <div class=\"sb_content_wrapper\" ><h3 >Kostenlose Erstberatung<\/h3><p >wir h\u00f6ren zu, verstehen Ihre Bed\u00fcrfnisse und entwickeln gemeinsam mit Ihnen einen passenden Pflegeplan.<\/p><\/div>\n            <\/div><div class=\"sliding_box_child  kd-animated fadeInUp\" data-animation-delay=200>\n                <div class=\"sb-image\"><img loading=\"lazy\" decoding=\"async\" width=\"800\" height=\"800\" src=\"https:\/\/pflegeteam-noor.de\/wp-content\/uploads\/2025\/11\/flexibilitaetspunkt_home_pflege_noor_v01.jpg\" class=\"attachment-full\" alt=\"\" title=\"flexibilitaetspunkt_home_pflege_noor_v01\" srcset=\"https:\/\/pflegeteam-noor.de\/wp-content\/uploads\/2025\/11\/flexibilitaetspunkt_home_pflege_noor_v01.jpg 800w, https:\/\/pflegeteam-noor.de\/wp-content\/uploads\/2025\/11\/flexibilitaetspunkt_home_pflege_noor_v01-300x300.jpg 300w, https:\/\/pflegeteam-noor.de\/wp-content\/uploads\/2025\/11\/flexibilitaetspunkt_home_pflege_noor_v01-150x150.jpg 150w, https:\/\/pflegeteam-noor.de\/wp-content\/uploads\/2025\/11\/flexibilitaetspunkt_home_pflege_noor_v01-768x768.jpg 768w, https:\/\/pflegeteam-noor.de\/wp-content\/uploads\/2025\/11\/flexibilitaetspunkt_home_pflege_noor_v01-320x320.jpg 320w\" sizes=\"auto, (max-width: 800px) 100vw, 800px\" \/><\/div>\n                <div class=\"sb_content_wrapper\" ><h3 >Individuelle Pflegeleistungen<\/h3><p >Wir ber\u00fccksichtigen Ihre gesundheitlichen Anforderungen, pers\u00f6nlichen W\u00fcnsche sowie den Alltag Ihrer Angeh\u00f6rigen.<\/p><\/div>\n            <\/div><div class=\"sliding_box_child  kd-animated fadeInUp\" data-animation-delay=200>\n                <div class=\"sb-image\"><img loading=\"lazy\" decoding=\"async\" width=\"800\" height=\"800\" src=\"https:\/\/pflegeteam-noor.de\/wp-content\/uploads\/2025\/11\/erreichbarkeit_home_pflege_noor_v01.jpg\" class=\"attachment-full\" alt=\"\" title=\"erreichbarkeit_home_pflege_noor_v01\" srcset=\"https:\/\/pflegeteam-noor.de\/wp-content\/uploads\/2025\/11\/erreichbarkeit_home_pflege_noor_v01.jpg 800w, https:\/\/pflegeteam-noor.de\/wp-content\/uploads\/2025\/11\/erreichbarkeit_home_pflege_noor_v01-300x300.jpg 300w, https:\/\/pflegeteam-noor.de\/wp-content\/uploads\/2025\/11\/erreichbarkeit_home_pflege_noor_v01-150x150.jpg 150w, https:\/\/pflegeteam-noor.de\/wp-content\/uploads\/2025\/11\/erreichbarkeit_home_pflege_noor_v01-768x768.jpg 768w, https:\/\/pflegeteam-noor.de\/wp-content\/uploads\/2025\/11\/erreichbarkeit_home_pflege_noor_v01-320x320.jpg 320w\" sizes=\"auto, (max-width: 800px) 100vw, 800px\" \/><\/div>\n                <div class=\"sb_content_wrapper\" ><h3 >Immer erreichbar<\/h3><p >Unser Team steht Ihnen rund um die Uhr telefonisch zur Verf\u00fcgung \u2013 auch an Wochenenden und Feiertagen.<\/p><\/div>\n            <\/div><\/div><script type=\"text\/javascript\">\n              jQuery(document).ready(function($){\n                if ($(\".sliding_box_parent.kd-slidingbox-69dcad4c43af6\").length) {\n                  $(\".kd-slidingbox-69dcad4c43af6 .sliding_box_child\").on(\"mouseenter\", function() {\n                    $(\".kd-slidingbox-69dcad4c43af6 .sliding_box_child\").removeClass(\"active-elem\");\n                    $(this).addClass(\"active-elem\");\n                  });\n                }\n              });\n            <\/script>[\/vc_column][\/vc_row][vc_row full_width=&#8221;stretch_row&#8221; css=&#8221;.vc_custom_1763304531245{padding-top: 80px !important;padding-bottom: 80px !important;}&#8221;][vc_column]<header class=\"kd-section-title col-lg-12 text-center    \" ><h2 class=\"separator_off\" >Ein Pflegedienst dem das Wohlbefinden seiner Kunden \u00fcber alles geht<\/h2><\/header>[vc_column_text css=&#8221;&#8221;]<\/p>\n<p class=\"font_5 wixui-rich-text__text\" style=\"text-align: center;\">F\u00fcr das Pflegeteam Noor ist gute Pflege nicht nur eine Beschreibung, wir versprechen Ihnen und Ihren Angeh\u00f6rigen wirklich gute Pflege. Hier bei Pflegeteam Noor GmbH &amp; Co. KG ist es unser Ziel, unseren Kunden und ihren Familien auf jede erdenkliche Weise zu helfen. Wir k\u00fcmmern uns um alles von der Grundpflege bis hin zur Behandlungspflege und sind stolz darauf, dass wir unseren Kunden die bestm\u00f6gliche Pflege bieten k\u00f6nnen.<\/p>\n<p>[\/vc_column_text][\/vc_column][\/vc_row][vc_row full_width=&#8221;stretch_row_content_no_spaces&#8221; css=&#8221;.vc_custom_1549962964165{background-color: #f4f1f0 !important;}&#8221;][vc_column width=&#8221;1\/2&#8243; offset=&#8221;vc_col-lg-6 vc_col-md-12&#8243;][vc_row_inner equal_height=&#8221;yes&#8221; content_placement=&#8221;middle&#8221; css=&#8221;.vc_custom_1763239969694{padding-top: 200px !important;padding-bottom: 200px !important;background-image: url(https:\/\/www.ekko-wp.com\/wp-content\/uploads\/sites\/3\/2019\/04\/elder2.jpg?id=) !important;background-position: center !important;background-repeat: no-repeat !important;background-size: cover !important;}&#8221;][vc_column_inner css=&#8221;.vc_custom_1511789291663{padding-top: 0px !important;padding-bottom: 0px !important;}&#8221;][vc_empty_space height=&#8221;500px&#8221;][\/vc_column_inner][\/vc_row_inner][\/vc_column][vc_column width=&#8221;1\/2&#8243; css=&#8221;.vc_custom_1763234891452{padding-top: 0px !important;padding-bottom: 0px !important;}&#8221; offset=&#8221;vc_col-lg-6 vc_col-md-12&#8243;][vc_row_inner css=&#8221;.vc_custom_1549963040931{padding-top: 100px !important;}&#8221;][vc_column_inner width=&#8221;1\/4&#8243; offset=&#8221;vc_hidden-xs&#8221;][\/vc_column_inner][vc_column_inner width=&#8221;1\/2&#8243; css=&#8221;.vc_custom_1763234877313{padding-bottom: 40px !important;}&#8221;]<header class=\"kd-section-title col-lg-12 text-left  kd-animated fadeIn  \" data-animation-delay=200><h2 class=\"separator_off\" >Wir bieten Unterst\u00fctzung f\u00fcr ein breites Spektrum an Pflegebed\u00fcrfnissen.<\/h2><\/header>[vc_empty_space height=&#8221;20px&#8221;][vc_toggle title=&#8221;1. Grundpflege&#8221; css_animation=&#8221;fadeIn&#8221; css=&#8221;&#8221;]Unterst\u00fctzung bei der t\u00e4glichen K\u00f6rperpflege, beim An- und Auskleiden, bei der Ern\u00e4hrung und Mobilit\u00e4t \u2013 liebevoll, respektvoll und professionell.[\/vc_toggle][vc_toggle title=&#8221;2. Behandlungspflege&#8221; css_animation=&#8221;fadeIn&#8221; css=&#8221;&#8221;]<\/p>\n<p data-start=\"11433\" data-end=\"11635\">Medizinisch-pflegerische Leistungen nach \u00e4rztlicher Verordnung: Medikamentengabe, Wundversorgung, Injektionen, Unterst\u00fctzung bei Kompressionsstr\u00fcmpfen \u2013 sicher und kompetent.<\/p>\n<p>[\/vc_toggle][vc_toggle title=&#8221;3. Hauswirtschaft&#8221; css_animation=&#8221;fadeIn&#8221; css=&#8221;&#8221;]Wir k\u00fcmmern uns um Ihren Haushalt: Einkaufen, Kochen, Reinigen \u2013 damit Sie sich zu Hause wohlf\u00fchlen k\u00f6nnen und sich auf das Wesentliche konzentrieren.[\/vc_toggle][vc_toggle title=&#8221;4. Betreuung &#038; Alltagsbegleitung&#8221; css_animation=&#8221;fadeIn&#8221; css=&#8221;&#8221;]Gesellschaft, Spazierg\u00e4nge, Arztbegleitungen oder einfach ein offenes Ohr \u2013 wir begleiten Sie durch den Alltag, damit Sie sich nicht allein f\u00fchlen.[\/vc_toggle][vc_toggle title=&#8221;5. Verhinderungspflege&#8221; css_animation=&#8221;fadeIn&#8221; css=&#8221;&#8221;]Wenn Angeh\u00f6rige eine Auszeit brauchen, sind wir f\u00fcr Sie da: kurzfristige Pflegevertretung, flexible Planung, kompetente Vertretung \u2013 damit niemand unversorgt bleibt.[\/vc_toggle][\/vc_column_inner][vc_column_inner width=&#8221;1\/4&#8243; offset=&#8221;vc_hidden-sm vc_hidden-xs&#8221;][\/vc_column_inner][\/vc_row_inner][\/vc_column][\/vc_row][vc_row full_width=&#8221;stretch_row&#8221; css=&#8221;.vc_custom_1536060448074{padding-top: 100px !important;}&#8221;][vc_column css=&#8221;.vc_custom_1515686761275{padding-right: 0px !important;padding-left: 0px !important;}&#8221;][vc_row_inner][vc_column_inner]<header class=\"kd-section-title vc_col-lg-6 vc_col-sm-8 text-center  kd-animated fadeIn   vc_custom_1763235226077\" data-animation-delay=200><h2 class=\"separator_off\" >Gesamt\u00fcbersicht<\/h2><h6 class=\"subtitle \" >Wir pflegen nicht nur, wir begleiten \u2013 mit Fachwissen, Empathie und individueller Betreuung. Unser Ziel ist es, Ihnen ein selbstbestimmtes Leben in vertrauter Umgebung zu erm\u00f6glichen.<\/h6><\/header>[\/vc_column_inner][\/vc_row_inner][vc_row_inner css=&#8221;.vc_custom_1536060444089{padding-bottom: 100px !important;}&#8221;][vc_column_inner css=&#8221;.vc_custom_1515686674776{padding-right: 15px !important;}&#8221;]\r\n                <div class=\"photobox-carousel pbc-parent black-navigation kd-pbc-69dcad4c44597 nav-arrows\">\r\n                    <div class=\"pbc-content\"><div class=\"kd-photobox kd-animated fadeInUp \" ><div class=\"photobox-img\"><a href=\"https:\/\/pflegeteam-noor.de\/?page_id=5734\"  title=\"Dienstleistung\"><img decoding=\"async\" class=\"photocarousel-img\" src=\"https:\/\/www.ekko-wp.com\/wp-content\/uploads\/sites\/3\/2019\/04\/elder13.jpg\"  \/><\/a><\/div><div class=\"phb-content text-left no-image\" ><h5 >Dienstleistungen<\/h5><p >Unsere Mission ist es, eine vertrauensvolle Gemeinschaft zu bilden, in der jeder Mensch mit W\u00fcrde, Respekt und Empathie gepflegt wird. Ihre individuellen W\u00fcnsche und Bed\u00fcrfnisse stehen bei uns immer im Mittelpunkt.<\/p><div class=\"phb-btncontainer\">\r\n                      <a href=\"https:\/\/pflegeteam-noor.de\/?page_id=5734\"  title=\"Dienstleistung\" class=\"tt_button tt_primary_button btn_secondary_color\">Mehr erfahren<\/a>\r\n                  <\/div><\/div><\/div><div class=\"kd-photobox kd-animated fadeInUp \" data-animation-delay=200><div class=\"photobox-img\"><a href=\"https:\/\/pflegeteam-noor.de\/?page_id=5720\"  title=\"\u00dcber uns\"><img decoding=\"async\" class=\"photocarousel-img\" src=\"https:\/\/www.ekko-wp.com\/wp-content\/uploads\/sites\/3\/2019\/04\/elder15.jpg\"  \/><\/a><\/div><div class=\"phb-content text-left no-image\" ><h5 >\u00dcber uns<\/h5><p >Wir sind ein engagiertes Team aus erfahrenen Pflegefachkr\u00e4ften, Assistentinnen und Betreuungsexpertinnen. Unsere St\u00e4rke? Fachkompetenz gepaart mit Menschlichkeit. Wir pflegen mit Herz, weil uns jeder Mensch wichtig ist.<\/p><div class=\"phb-btncontainer\">\r\n                      <a href=\"https:\/\/pflegeteam-noor.de\/?page_id=5720\"  title=\"\u00dcber uns\" class=\"tt_button tt_primary_button btn_secondary_color\">Mehr erfahren<\/a>\r\n                  <\/div><\/div><\/div><div class=\"kd-photobox kd-animated fadeInUp \" data-animation-delay=400><div class=\"photobox-img\"><a href=\"https:\/\/pflegeteam-noor.de\/?page_id=5764\"  title=\"Jobs\"><img decoding=\"async\" class=\"photocarousel-img\" src=\"https:\/\/www.ekko-wp.com\/wp-content\/uploads\/sites\/3\/2019\/04\/elder14.jpg\"  \/><\/a><\/div><div class=\"phb-content text-left no-image\" ><h5 >Kommen Sie ins Team<\/h5><p >Wir m\u00f6chten unseren Pflegedienst weiterentwickeln und suchen engagierte Gesellschafter, die unsere Werte teilen und aktiv an unserem Wachstum mitwirken m\u00f6chten. Interesse geweckt? Dann schreiben Sie uns einfach an.<\/p><div class=\"phb-btncontainer\">\r\n                      <a href=\"https:\/\/pflegeteam-noor.de\/?page_id=5764\"  title=\"Jobs\" class=\"tt_button tt_primary_button btn_secondary_color\">Mehr erfahren<\/a>\r\n                  <\/div><\/div><\/div><\/div>\r\n                <\/div><script type=\"text\/javascript\">\r\n          \t\t\t\tjQuery(document).ready(function($){\r\n                    if ($(\".photobox-carousel.kd-pbc-69dcad4c44597 .pbc-content\").length) {\r\n                      $(\".photobox-carousel.kd-pbc-69dcad4c44597 .pbc-content\").owlCarousel({\r\n                          stageClass: \"owl-wrapper\",\r\n                          stageOuterClass: \"owl-wrapper-outer\",\r\n                          loadedClass: \"owl-carousel\",responsive:{\r\n                              0:{\r\n                                  items:1,\r\n                                  dots: false,\r\n                                  nav: true,\r\n                                  navSpeed: 500,\r\n                              },\r\n                              768:{\r\n                                  items:2,\r\n                              },\r\n                              1199:{\r\n                                  items:3,\r\n                              },\r\n                              1366:{\r\n                                  items:3,\nnav: true,\r\n                                    navSpeed: 500,\r\n                                    dots: false,}\r\n                          },\r\n                          rewind: true,\nautoplay: false,\nautoplayHoverPause: false,addClassActive: true,\r\n                      });\r\n                    }\r\n          \t\t\t\t});\r\n          \t\t\t<\/script>[\/vc_column_inner][\/vc_row_inner][\/vc_column][\/vc_row][vc_row full_width=&#8221;stretch_row_content_no_spaces&#8221; css=&#8221;.vc_custom_1549963522940{background-color: #f4f1f0 !important;}&#8221;][vc_column width=&#8221;1\/2&#8243; css=&#8221;.vc_custom_1522317894944{padding-top: 0px !important;}&#8221; offset=&#8221;vc_col-lg-6 vc_col-md-12&#8243;][vc_row_inner css=&#8221;.vc_custom_1549963527466{padding-top: 200px !important;padding-bottom: 100px !important;background-image: url(https:\/\/www.ekko-wp.com\/wp-content\/uploads\/sites\/3\/2019\/04\/elder3.jpg) !important;background-position: center !important;background-repeat: no-repeat !important;background-size: cover !important;}&#8221;][vc_column_inner css=&#8221;.vc_custom_1511789291663{padding-top: 0px !important;padding-bottom: 0px !important;}&#8221;][vc_empty_space height=&#8221;300px&#8221;][\/vc_column_inner][\/vc_row_inner][\/vc_column][vc_column width=&#8221;1\/2&#8243; offset=&#8221;vc_col-lg-6 vc_col-md-12&#8243; css=&#8221;.vc_custom_1522317922459{padding-bottom: 50px !important;}&#8221;][vc_row_inner css=&#8221;.vc_custom_1516105791092{padding-top: 100px !important;padding-bottom: 30px !important;}&#8221;][vc_column_inner width=&#8221;1\/4&#8243; offset=&#8221;vc_hidden-md vc_hidden-sm vc_hidden-xs&#8221;][\/vc_column_inner][vc_column_inner width=&#8221;11\/12&#8243; offset=&#8221;vc_col-lg-offset-0 vc_col-lg-6 vc_col-md-offset-1 vc_col-sm-offset-0&#8243;]<header class=\"kd-section-title col-lg-12 text-left  kd-animated fadeIn   vc_custom_1763240031610\" data-animation-delay=200><h2 class=\"separator_off\" >Wir h\u00f6ren zu und arbeiten zusammen, um was einzigartiges zu schaffen.<\/h2><\/header>[\/vc_column_inner][\/vc_row_inner][vc_row_inner][vc_column_inner width=&#8221;1\/4&#8243; offset=&#8221;vc_hidden-md vc_hidden-sm vc_hidden-xs&#8221;][\/vc_column_inner][vc_column_inner width=&#8221;5\/12&#8243; css=&#8221;.vc_custom_1541586840233{padding-right: 30px !important;}&#8221; offset=&#8221;vc_col-lg-offset-0 vc_col-lg-3 vc_col-md-offset-1 vc_col-sm-offset-0&#8243;]<div class=\"kd_counter icon-top large-counter count_left \" ><div class=\"kd_counter_content\"><h4 class=\"kd_counter_number\"><span class=\"kd_number_string\"  data-from=\"0\" data-to=\"14\" data-refresh-interval=\"50\" >0<\/span>\n                                  <span class=\"kd_counter_units\" >+<\/span><\/h4><div class=\"kd_counter_text\" ><\/div><\/div><\/div><div class=\"key-icon-box icon-default  cont-left ib-no-effect  kd-animated fadeIn\" style=\"background-color: transparent;\" data-animation-delay=200><h6 class=\"service-heading\" >Aktive Pflegekr\u00e4fte<\/h6><p >Wir bem\u00fchen uns die Zahl zu steigern.<\/p><\/div>[\/vc_column_inner][vc_column_inner width=&#8221;1\/2&#8243; css=&#8221;.vc_custom_1541586564400{padding-right: 30px !important;}&#8221; offset=&#8221;vc_col-lg-3&#8243;]<div class=\"kd_counter icon-top large-counter count_left \" ><div class=\"kd_counter_content\"><h4 class=\"kd_counter_number\"><span class=\"kd_number_string\"  data-from=\"0\" data-to=\"47\" data-refresh-interval=\"50\" >0<\/span>\n                                  <span class=\"kd_counter_units\" >+<\/span><\/h4><div class=\"kd_counter_text\" ><\/div><\/div><\/div><div class=\"key-icon-box icon-default  cont-left ib-no-effect  kd-animated fadeIn\" style=\"background-color: transparent;\" data-animation-delay=200><h6 class=\"service-heading\" >Zufrieden Patienten<\/h6><p >Diese Zahl steigt durch uns stetig.<\/p><\/div>[\/vc_column_inner][\/vc_row_inner][\/vc_column][\/vc_row][vc_row full_width=&#8221;stretch_row&#8221;][vc_column css=&#8221;.vc_custom_1516095225433{padding-right: 0px !important;padding-left: 0px !important;}&#8221;][vc_row_inner css=&#8221;.vc_custom_1555939778266{padding-top: 100px !important;}&#8221;][vc_column_inner width=&#8221;1\/12&#8243; css=&#8221;.vc_custom_1515166784808{padding-top: 50px !important;}&#8221;][\/vc_column_inner][vc_column_inner width=&#8221;4\/12&#8243;]<header class=\"kd-section-title col-lg-12 text-left  kd-animated fadeIn   vc_custom_1763240239728\" data-animation-delay=200><h2 class=\"separator_off\" >Sie ben\u00f6tigen Rat?<br \/>\nDann nehmen Sie Kontakt mit uns auf!<\/h2><h6 class=\"subtitle \" >Lassen Sie uns wissen, was wir tun k\u00f6nnen, um Ihnen das Leben zu erleichtern, und geben Sie uns die Gewissheit, dass Ihr Angeh\u00f6rige die Pflege erh\u00e4lt, die Sie verdienen.<\/h6><\/header>[\/vc_column_inner][vc_column_inner width=&#8221;1\/12&#8243;][\/vc_column_inner][vc_column_inner width=&#8221;5\/12&#8243;]<div class=\"kd-contact-form full-width-cf   kd-animated fadeIn\" data-animation-delay=200>\n<div class=\"wpcf7 no-js\" id=\"wpcf7-f5208-o1\" lang=\"en-US\" dir=\"ltr\" data-wpcf7-id=\"5208\">\n<div class=\"screen-reader-response\"><p role=\"status\" aria-live=\"polite\" aria-atomic=\"true\"><\/p> <ul><\/ul><\/div>\n<form action=\"\/index.php?rest_route=%2Fwp%2Fv2%2Fpages%2F7447#wpcf7-f5208-o1\" method=\"post\" class=\"wpcf7-form init\" aria-label=\"Contact form\" novalidate=\"novalidate\" data-status=\"init\">\n<fieldset class=\"hidden-fields-container\"><input type=\"hidden\" name=\"_wpcf7\" value=\"5208\" \/><input type=\"hidden\" name=\"_wpcf7_version\" value=\"6.1.5\" \/><input type=\"hidden\" name=\"_wpcf7_locale\" value=\"en_US\" \/><input type=\"hidden\" name=\"_wpcf7_unit_tag\" value=\"wpcf7-f5208-o1\" \/><input type=\"hidden\" name=\"_wpcf7_container_post\" value=\"0\" \/><input type=\"hidden\" name=\"_wpcf7_posted_data_hash\" value=\"\" \/>\n<\/fieldset>\n<p><span class=\"wpcf7-form-control-wrap\" data-name=\"your-name\"><input size=\"40\" maxlength=\"400\" class=\"wpcf7-form-control wpcf7-text wpcf7-validates-as-required\" aria-required=\"true\" aria-invalid=\"false\" placeholder=\"Vor- und Nachname\" value=\"\" type=\"text\" name=\"your-name\" \/><\/span><br \/>\n<span class=\"wpcf7-form-control-wrap\" data-name=\"your-email\"><input size=\"40\" maxlength=\"400\" class=\"wpcf7-form-control wpcf7-email wpcf7-validates-as-required wpcf7-text wpcf7-validates-as-email\" aria-required=\"true\" aria-invalid=\"false\" placeholder=\"E-Mail Adresse\" value=\"\" type=\"email\" name=\"your-email\" \/><\/span><br \/>\n<span class=\"wpcf7-form-control-wrap\" data-name=\"your-subject\"><input size=\"40\" maxlength=\"400\" class=\"wpcf7-form-control wpcf7-text\" aria-invalid=\"false\" placeholder=\"Betreff\" value=\"\" type=\"text\" name=\"your-subject\" \/><\/span><br \/>\n<span class=\"wpcf7-form-control-wrap\" data-name=\"your-message\"><textarea cols=\"40\" rows=\"10\" maxlength=\"2000\" class=\"wpcf7-form-control wpcf7-textarea\" aria-invalid=\"false\" placeholder=\"Ihre Nachricht\" name=\"your-message\"><\/textarea><\/span><br \/>\n<input class=\"wpcf7-form-control wpcf7-submit has-spinner\" type=\"submit\" value=\"Senden\" \/>\n<\/p><p style=\"display: none !important;\" class=\"akismet-fields-container\" data-prefix=\"_wpcf7_ak_\"><label>&#916;<textarea name=\"_wpcf7_ak_hp_textarea\" cols=\"45\" rows=\"8\" maxlength=\"100\"><\/textarea><\/label><input type=\"hidden\" id=\"ak_js_1\" name=\"_wpcf7_ak_js\" value=\"115\"\/><script>document.getElementById( \"ak_js_1\" ).setAttribute( \"value\", ( new Date() ).getTime() );<\/script><\/p><div class=\"wpcf7-response-output\" aria-hidden=\"true\"><\/div>\n<\/form>\n<\/div>\n<\/div>[\/vc_column_inner][vc_column_inner width=&#8221;1\/12&#8243;][\/vc_column_inner][\/vc_row_inner][vc_row_inner][vc_column_inner offset=&#8221;vc_hidden-sm vc_hidden-xs&#8221;][vc_empty_space height=&#8221;73px&#8221;][\/vc_column_inner][\/vc_row_inner][\/vc_column][\/vc_row]<\/p>\n<\/div>","protected":false},"excerpt":{"rendered":"<p>[vc_row full_width=&#8221;stretch_row&#8221; el_class=&#8221;hide-bg-on-mobile-portrait&#8221; css=&#8221;.vc_custom_1549637013975{margin-top: 96px !important;}&#8221;][vc_column css=&#8221;.vc_custom_1515153588210{padding-left: 0px !important;}&#8221;][rev_slider_vc alias=&#8221;elder-care-slider&#8221;][vc_row_inner][vc_column_inner offset=&#8221;vc_hidden-lg vc_hidden-md&#8221;][vc_empty_space height=&#8221;50&#8243;][\/vc_column_inner][\/vc_row_inner][\/vc_column][\/vc_row][vc_row css=&#8221;.vc_custom_1543415295465{margin-top: -150px !important;padding-left: 15px !important;}&#8221;][vc_column css=&#8221;.vc_custom_1516120515506{padding-top: 0px [&hellip;]<\/p>\n","protected":false},"author":1,"featured_media":0,"parent":0,"menu_order":0,"comment_status":"closed","ping_status":"closed","template":"","meta":{"footnotes":""},"class_list":["post-7447","page","type-page","status-publish","hentry"],"_links":{"self":[{"href":"https:\/\/www.pflegeteam-noor.de\/index.php?rest_route=\/wp\/v2\/pages\/7447","targetHints":{"allow":["GET"]}}],"collection":[{"href":"https:\/\/www.pflegeteam-noor.de\/index.php?rest_route=\/wp\/v2\/pages"}],"about":[{"href":"https:\/\/www.pflegeteam-noor.de\/index.php?rest_route=\/wp\/v2\/types\/page"}],"author":[{"embeddable":true,"href":"https:\/\/www.pflegeteam-noor.de\/index.php?rest_route=\/wp\/v2\/users\/1"}],"replies":[{"embeddable":true,"href":"https:\/\/www.pflegeteam-noor.de\/index.php?rest_route=%2Fwp%2Fv2%2Fcomments&post=7447"}],"version-history":[{"count":43,"href":"https:\/\/www.pflegeteam-noor.de\/index.php?rest_route=\/wp\/v2\/pages\/7447\/revisions"}],"predecessor-version":[{"id":7695,"href":"https:\/\/www.pflegeteam-noor.de\/index.php?rest_route=\/wp\/v2\/pages\/7447\/revisions\/7695"}],"wp:attachment":[{"href":"https:\/\/www.pflegeteam-noor.de\/index.php?rest_route=%2Fwp%2Fv2%2Fmedia&parent=7447"}],"curies":[{"name":"wp","href":"https:\/\/api.w.org\/{rel}","templated":true}]}}